{"id":14,"date":"2019-08-03T23:38:58","date_gmt":"2019-08-03T23:38:58","guid":{"rendered":"https:\/\/www.dciingenieros.com.co\/public\/?page_id=14"},"modified":"2025-11-08T00:42:46","modified_gmt":"2025-11-08T00:42:46","slug":"ingenieria-electrica","status":"publish","type":"page","link":"https:\/\/www.dciingenieros.com.co\/public\/","title":{"rendered":"Inicio"},"content":{"rendered":"<p>[vc_row full_width=\u00bbstretch_row_content_no_spaces\u00bb overlay_dotted=\u00bbtrue\u00bb css=\u00bb.vc_custom_1566153143083{padding-top: 0px !important;}\u00bb][vc_column][\/vc_column][\/vc_row][vc_row full_height=\u00bbyes\u00bb equal_height=\u00bbyes\u00bb overlay_dotted=\u00bbtrue\u00bb css=\u00bb.vc_custom_1564846069527{margin-top: 50px !important;}\u00bb][vc_column][vc_row_inner][vc_column_inner][vc_column_text]<\/p>\n<h2 style=\"text-align: center;\">Ofrecemos servicios de alta calidad<\/h2>\n<p>[\/vc_column_text][vc_column_text]<\/p>\n<p style=\"text-align: center;\">Excelentes servicios provienen de buenas personas, todos los problemas son resueltos con calidad.<\/p>\n<p>[\/vc_column_text][\/vc_column_inner][\/vc_row_inner][vc_row_inner][vc_column_inner width=\u00bb1\/3&#8243; css=\u00bb.vc_custom_1564846009991{margin-top: 20px !important;}\u00bb][vc_hoverbox image=\u00bb383&#8243; primary_title=\u00bbObras civiles\u00bb hover_title=\u00bbObras civiles\u00bb hover_background_color=\u00bbwhite\u00bb css_animation=\u00bbslideInUp\u00bb]<\/p>\n<div>\n<div>Servicio de ingenier\u00eda t\u00e9cnica a proyectos de construcci\u00f3n, dando cumplimiento a los establecido en la Ley 400 de 1997 y en la Ley 1229 de 2008.<\/div>\n<\/div>\n<p>[\/vc_hoverbox][\/vc_column_inner][vc_column_inner width=\u00bb1\/3&#8243; css=\u00bb.vc_custom_1564846016935{margin-top: 20px !important;}\u00bb][vc_hoverbox image=\u00bb385&#8243; primary_title=\u00bbObras el\u00e9ctricas\u00bb hover_title=\u00bbObras el\u00e9ctricas\u00bb hover_background_color=\u00bbwhite\u00bb css_animation=\u00bbslideInUp\u00bb el_id=\u00bbservice2&#8243;]<\/p>\n<div>\n<div>Redes de distribuci\u00f3n y sub transmisi\u00f3n, electrificaci\u00f3n rural. Entre otros.<\/div>\n<\/div>\n<p>[\/vc_hoverbox][\/vc_column_inner][vc_column_inner width=\u00bb1\/3&#8243; css=\u00bb.vc_custom_1564846024810{margin-top: 20px !important;}\u00bb][vc_hoverbox image=\u00bb384&#8243; primary_title=\u00bbEstudio y dise\u00f1o\u00bb hover_title=\u00bbEstudio y dise\u00f1o\u00bb hover_background_color=\u00bbwhite\u00bb css_animation=\u00bbslideInUp\u00bb]<\/p>\n<div>\n<div>Desarrollamos estudios y dise\u00f1os de sistema de alumbrado, redes el\u00e9ctricas de distribuci\u00f3n y subtransmisi\u00f3n. Entre otros.<\/div>\n<\/div>\n<p>[\/vc_hoverbox][\/vc_column_inner][\/vc_row_inner][vc_row_inner equal_height=\u00bbyes\u00bb css=\u00bb.vc_custom_1564711045696{margin-top: 50px !important;}\u00bb][vc_column_inner][vc_btn title=\u00bbVer m\u00e1s\u00bb style=\u00bboutline-custom\u00bb outline_custom_color=\u00bb\u00bb outline_custom_hover_background=\u00bb#81d742&#8243; outline_custom_hover_text=\u00bb#ffffff\u00bb align=\u00bbcenter\u00bb i_icon_fontawesome=\u00bbfa fa-eye\u00bb css_animation=\u00bbrotateInDownLeft\u00bb add_icon=\u00bbtrue\u00bb link=\u00bburl:https%3A%2F%2Fwww.dciingenieros.com.co%2Fpublic%2Fservicios%2F|title:Servicios||\u00bb][\/vc_column_inner][\/vc_row_inner][\/vc_column][\/vc_row][vc_row full_width=\u00bbstretch_row\u00bb full_height=\u00bbyes\u00bb overlay_dotted=\u00bbtrue\u00bb css=\u00bb.vc_custom_1566951334350{margin-top: 50px !important;background-color: #292e34 !important;}\u00bb][vc_column][vc_row_inner][vc_column_inner el_id=\u00bbproyectos\u00bb][vc_column_text]<\/p>\n<h2 style=\"text-align: center;\">Nuestros proyectos<\/h2>\n<p>[\/vc_column_text][\/vc_column_inner][\/vc_row_inner][vc_row_inner][vc_column_inner]\n    <section class=\"roof-works  roof-portfolio-6a0070f7ea077 works-style-three\">\n          <ul class=\"nav navbar-nav filters-nav masonry-filters  roof-portfolio-6a0070f7ea077\">\n      <li><a href=\"javascript:void(0);\" data-filter=\"*\" class=\"active\">All Projects<\/a><\/li>\n    <li><a href=\"javascript:void(0);\" data-filter=\".obras-civiles-dci-item\">Obras Civiles<\/a><\/li><li><a href=\"javascript:void(0);\" data-filter=\".obras-electricas-item\">Obras el\u00e9ctricas<\/a><\/li>\t\t<\/ul>\n          <div class=\"roof-masonry masonry-fullwidth bpw-col-5  \">\n          <div class=\"masonry-item obras-civiles-dci-item \" data-category=\"obras-civiles-dci-item \">\n        <div class=\"work-list\">\n          <div class=\"roof-picture\"> <img decoding=\"async\" src=\"https:\/\/www.dciingenieros.com.co\/public\/wp-content\/uploads\/2019\/08\/manglecoregi.jpg\" alt=\"Construcci\u00f3n Proyecto Mangle Conjunto Residencial Ibagu\u00e9\"><\/div>\n          <div class=\"work-info\">\n            <div class=\"roof-table-container\">\n              <div class=\"roof-align-container\">\n                <h5 class=\"work-title\"><a href=\"https:\/\/www.dciingenieros.com.co\/public\/portfolio\/mangle-conjunto-residencial-ibague-dci\/\">Construcci\u00f3n Proyecto Mangle Conjunto Residencial Ibagu\u00e9<\/a><\/h5>\n                <h5 class=\"work-category\">\n                                      <span>obras-civiles-dci<\/span>\n                                  <\/h5>\n              <\/div>\n            <\/div>\n          <\/div>\n        <\/div>\n      <\/div>\n            <div class=\"masonry-item obras-civiles-dci-item \" data-category=\"obras-civiles-dci-item \">\n        <div class=\"work-list\">\n          <div class=\"roof-picture\"> <img decoding=\"async\" src=\"https:\/\/www.dciingenieros.com.co\/public\/wp-content\/uploads\/2019\/08\/parallax.jpg\" alt=\"Construcci\u00f3n Proyecto Aguas Verdes Ibagu\u00e9\"><\/div>\n          <div class=\"work-info\">\n            <div class=\"roof-table-container\">\n              <div class=\"roof-align-container\">\n                <h5 class=\"work-title\"><a href=\"https:\/\/www.dciingenieros.com.co\/public\/portfolio\/conjunto-aguas-verdes-ibague\/\">Construcci\u00f3n Proyecto Aguas Verdes Ibagu\u00e9<\/a><\/h5>\n                <h5 class=\"work-category\">\n                                      <span>obras-civiles-dci<\/span>\n                                  <\/h5>\n              <\/div>\n            <\/div>\n          <\/div>\n        <\/div>\n      <\/div>\n            <div class=\"masonry-item obras-electricas-item \" data-category=\"obras-electricas-item \">\n        <div class=\"work-list\">\n          <div class=\"roof-picture\"> <img decoding=\"async\" src=\"https:\/\/www.dciingenieros.com.co\/public\/wp-content\/uploads\/2019\/08\/TRANSLADObaja.jpg\" alt=\"Translado de redes Doble calzada Neiva- Girardot\"><\/div>\n          <div class=\"work-info\">\n            <div class=\"roof-table-container\">\n              <div class=\"roof-align-container\">\n                <h5 class=\"work-title\"><a href=\"https:\/\/www.dciingenieros.com.co\/public\/portfolio\/translado-de-redes-electricas-doble-calzada\/\">Translado de redes Doble calzada Neiva- Girardot<\/a><\/h5>\n                <h5 class=\"work-category\">\n                                      <span>obras-electricas<\/span>\n                                  <\/h5>\n              <\/div>\n            <\/div>\n          <\/div>\n        <\/div>\n      <\/div>\n            <div class=\"masonry-item obras-electricas-item \" data-category=\"obras-electricas-item \">\n        <div class=\"work-list\">\n          <div class=\"roof-picture\"> <img decoding=\"async\" src=\"https:\/\/www.dciingenieros.com.co\/public\/wp-content\/uploads\/2019\/09\/MERCACENTRO.jpeg\" alt=\"Estaciones de Carga para Veh\u00edculos El\u00e9ctricos\"><\/div>\n          <div class=\"work-info\">\n            <div class=\"roof-table-container\">\n              <div class=\"roof-align-container\">\n                <h5 class=\"work-title\"><a href=\"https:\/\/www.dciingenieros.com.co\/public\/portfolio\/estaciones-de-carga-para-vehiculos-electricos\/\">Estaciones de Carga para Veh\u00edculos El\u00e9ctricos<\/a><\/h5>\n                <h5 class=\"work-category\">\n                                      <span>obras-electricas<\/span>\n                                  <\/h5>\n              <\/div>\n            <\/div>\n          <\/div>\n        <\/div>\n      <\/div>\n            <div class=\"masonry-item obras-electricas-item \" data-category=\"obras-electricas-item \">\n        <div class=\"work-list\">\n          <div class=\"roof-picture\"> <img decoding=\"async\" src=\"https:\/\/www.dciingenieros.com.co\/public\/wp-content\/uploads\/2019\/08\/fotopagina.jpg\" alt=\"Instalaciones El\u00e9ctricas Proyecto Mirador de los Andes\"><\/div>\n          <div class=\"work-info\">\n            <div class=\"roof-table-container\">\n              <div class=\"roof-align-container\">\n                <h5 class=\"work-title\"><a href=\"https:\/\/www.dciingenieros.com.co\/public\/portfolio\/instalaciones-electricas-proyecto-mirador-de-los-andes\/\">Instalaciones El\u00e9ctricas Proyecto Mirador de los Andes<\/a><\/h5>\n                <h5 class=\"work-category\">\n                                      <span>obras-electricas<\/span>\n                                  <\/h5>\n              <\/div>\n            <\/div>\n          <\/div>\n        <\/div>\n      <\/div>\n            <div class=\"masonry-item obras-electricas-item \" data-category=\"obras-electricas-item \">\n        <div class=\"work-list\">\n          <div class=\"roof-picture\"> <img decoding=\"async\" src=\"https:\/\/www.dciingenieros.com.co\/public\/wp-content\/uploads\/2019\/08\/GUANTE.jpg\" alt=\"Redes El\u00e9ctricas de MT y BT\"><\/div>\n          <div class=\"work-info\">\n            <div class=\"roof-table-container\">\n              <div class=\"roof-align-container\">\n                <h5 class=\"work-title\"><a href=\"https:\/\/www.dciingenieros.com.co\/public\/portfolio\/redes-electricas-de-mt-y-bt\/\">Redes El\u00e9ctricas de MT y BT<\/a><\/h5>\n                <h5 class=\"work-category\">\n                                      <span>obras-electricas<\/span>\n                                  <\/h5>\n              <\/div>\n            <\/div>\n          <\/div>\n        <\/div>\n      <\/div>\n      \n    <\/div>\n            <\/section>\n    <!-- Portfolio End -->\n\n    [\/vc_column_inner][\/vc_row_inner][\/vc_column][\/vc_row][vc_row full_width=\u00bbstretch_row\u00bb full_height=\u00bbyes\u00bb disable_element=\u00bbyes\u00bb overlay_dotted=\u00bbtrue\u00bb css=\u00bb.vc_custom_1683032357508{background-color: #f2f2f2 !important;}\u00bb][vc_column][vc_row_inner][vc_column_inner][vc_column_text]<\/p>\n<h2 style=\"text-align: center;\">Nuestras \u00faltimas noticias<\/h2>\n<p>[\/vc_column_text][\/vc_column_inner][\/vc_row_inner][vc_row_inner][vc_column_inner][vc_column_text]<\/p>\n<p id=\"tw-target-text\" class=\"tw-data-text tw-ta tw-text-small\" dir=\"ltr\" style=\"text-align: center;\" data-placeholder=\"Traducci\u00f3n\"><span lang=\"es\" tabindex=\"0\">DCI ofrece un servicio excepcional y trabaja directamente con nuestros clientes para asegurar que los proyectos se entreguen correctamente.<\/span><\/p>\n<p>[\/vc_column_text][\/vc_column_inner][\/vc_row_inner]\n    <!-- Blog Start -->\n    <div class=\"roof-news  roof-news-6a0070f7f04a2 \">\n\n            <div class=\"col-md-4 col-sm-6\">\n        <div class=\"news-item\">\n                  <div class=\"news-info\">\n            <h6 class=\"news-meta\"><i class=\"fa fa-clock-o\" aria-hidden=\"true\"><\/i>diciembre 11, 2023<\/h6>\n            <h5 class=\"news-title\"><a href=\"https:\/\/www.dciingenieros.com.co\/public\/2023\/12\/11\/dci-ingenieros-s-a-s-empresa-lider-en-energia-electrica-y-obras-civiles\/\">DCI Ingenieros S.A.S. Empresa l\u00edder en energ\u00eda el\u00e9ctrica y obras civiles.<\/a><\/h5>\n                        <div class=\"read-more\"><a href=\"https:\/\/www.dciingenieros.com.co\/public\/2023\/12\/11\/dci-ingenieros-s-a-s-empresa-lider-en-energia-electrica-y-obras-civiles\/\" class=\"roof-btn roof-btn-small roof-btn-gray\">Read More<\/a><\/div>\n          <\/div>\n        <\/div>\n      <\/div>\n\n            <div class=\"col-md-4 col-sm-6\">\n        <div class=\"news-item\">\n                  <div class=\"news-info\">\n            <h6 class=\"news-meta\"><i class=\"fa fa-clock-o\" aria-hidden=\"true\"><\/i>diciembre 28, 2023<\/h6>\n            <h5 class=\"news-title\"><a href=\"https:\/\/www.dciingenieros.com.co\/public\/2023\/12\/28\/dci-ingenieros-s-a-s-empresa-lider-en-energia-electrica-y-obras-civiles-2-proyectos\/\">Talento Humano Especializado para el Imparable Crecimiento de la Ingenier\u00eda El\u00e9ctrica en Colombia: Garantizando \u00c9xito en Proyectos Innovadores<\/a><\/h5>\n                        <div class=\"read-more\"><a href=\"https:\/\/www.dciingenieros.com.co\/public\/2023\/12\/28\/dci-ingenieros-s-a-s-empresa-lider-en-energia-electrica-y-obras-civiles-2-proyectos\/\" class=\"roof-btn roof-btn-small roof-btn-gray\">Read More<\/a><\/div>\n          <\/div>\n        <\/div>\n      <\/div>\n\n            <div class=\"col-md-4 col-sm-6\">\n        <div class=\"news-item\">\n                  <div class=\"news-info\">\n            <h6 class=\"news-meta\"><i class=\"fa fa-clock-o\" aria-hidden=\"true\"><\/i>diciembre 31, 2023<\/h6>\n            <h5 class=\"news-title\"><a href=\"https:\/\/www.dciingenieros.com.co\/public\/2023\/12\/31\/dci-ingenieros-s-a-s-ingenieria-electrica-energia-kilovatio-colombia\/\">DCI Ingenieros S.A.S. &#8211; L\u00edderes en Soluciones de Ingenier\u00eda El\u00e9ctrica en Colombia<\/a><\/h5>\n                        <div class=\"read-more\"><a href=\"https:\/\/www.dciingenieros.com.co\/public\/2023\/12\/31\/dci-ingenieros-s-a-s-ingenieria-electrica-energia-kilovatio-colombia\/\" class=\"roof-btn roof-btn-small roof-btn-gray\">Read More<\/a><\/div>\n          <\/div>\n        <\/div>\n      <\/div>\n\n      \n    <\/div>\n    <!-- Blog End -->\n\n    <div class='wp-pagenavi' role='navigation'>\n<span class='pages'>P\u00e1gina 1 de 2<\/span><span aria-current='page' class='current'>1<\/span><a class=\"page larger\" title=\"P\u00e1gina 2\" href=\"https:\/\/www.dciingenieros.com.co\/public\/wp-json\/wp\/v2\/pages\/14\/page\/2\/\">2<\/a><a class=\"nextpostslink\" rel=\"next\" aria-label=\"P\u00e1gina siguiente\" href=\"https:\/\/www.dciingenieros.com.co\/public\/wp-json\/wp\/v2\/pages\/14\/page\/2\/\">&raquo;<\/a>\n<\/div>[\/vc_column][\/vc_row][vc_row][vc_column][vc_column_text]<\/p>\n<h2 style=\"text-align: center;\">Nuestros clientes<\/h2>\n<p>[\/vc_column_text][\/vc_column][\/vc_row][vc_row css_animation=\u00bbnone\u00bb disable_element=\u00bbyes\u00bb overlay_dotted=\u00bbtrue\u00bb][vc_column width=\u00bb1\/5&#8243;][vc_single_image image=\u00bb81&#8243; alignment=\u00bbcenter\u00bb][\/vc_column][vc_column width=\u00bb1\/5&#8243;][vc_single_image image=\u00bb80&#8243; alignment=\u00bbcenter\u00bb][\/vc_column][vc_column width=\u00bb1\/5&#8243;][vc_single_image image=\u00bb83&#8243; alignment=\u00bbcenter\u00bb][\/vc_column][vc_column width=\u00bb1\/5&#8243;][vc_single_image image=\u00bb444&#8243; img_size=\u00bbmedium\u00bb alignment=\u00bbcenter\u00bb][\/vc_column][vc_column width=\u00bb1\/5&#8243;][vc_single_image image=\u00bb445&#8243; alignment=\u00bbcenter\u00bb][\/vc_column][\/vc_row][vc_row][vc_column][vc_column_text][\/vc_column_text][\/vc_column][\/vc_row]<\/p>\n","protected":false},"excerpt":{"rendered":"[vc_row full_width=\u00bbstretch_row_content_no_spaces\u00bb overlay_dotted=\u00bbtrue\u00bb css=\u00bb.vc_custom_1566153143083{padding-top: 0px !important;}\u00bb][vc_column][\/vc_column][\/vc_row][vc_row full_height=\u00bbyes\u00bb equal_height=\u00bbyes\u00bb overlay_dotted=\u00bbtrue\u00bb css=\u00bb.vc_custom_1564846069527{margin-top: 50px !important;}\u00bb][vc_column][vc_row_inner][vc_column_inner][vc_column_text] Ofrecemos servicios de alta calidad [\/vc_column_text][vc_column_text] Excelentes servicios provienen de buenas personas, todos los problemas son resueltos con calidad. [\/vc_column_text][\/vc_column_inner][\/vc_row_inner][vc_row_inner][vc_column_inner width=\u00bb1\/3&#8243; css=\u00bb.vc_custom_1564846009991{margin-top: 20px !important;}\u00bb][vc_hoverbox image=\u00bb383&#8243; primary_title=\u00bbObras civiles\u00bb hover_title=\u00bbObras civiles\u00bb hover_background_color=\u00bbwhite\u00bb css_animation=\u00bbslideInUp\u00bb] Servicio de ingenier\u00eda t\u00e9cnica a proyectos de construcci\u00f3n, dando cumplimiento a los[&#8230;]","protected":false},"author":1,"featured_media":0,"parent":0,"menu_order":0,"comment_status":"closed","ping_status":"closed","template":"","meta":{"footnotes":""},"yoast_head":"<!-- This site is optimized with the Yoast SEO plugin v21.6 - https:\/\/yoast.com\/wordpress\/plugins\/seo\/ -->\n<title>DCI Ingenieros SAS - Ingenier\u00eda El\u00e9ctrica<\/title>\n<meta name=\"description\" content=\"Con m\u00e1s de 20 a\u00f1os de experiencia en ingenier\u00eda el\u00e9ctrica, somos l\u00edderes en ofrecer soluciones integrales para proyectos industriales, instalaciones de redes el\u00e9ctricas, granjas solares, redes de 34.5 kV, alumbrado, obras civiles e interventor\u00eda. Nuestra extensa experiencia garantiza resultados excepcionales, respaldados por un equipo de profesionales altamente cualificados. Descubre c\u00f3mo podemos llevar a cabo tus proyectos con precisi\u00f3n y eficiencia para impulsar el \u00e9xito de tu iniciativa - DCI Ingenieros SAS\" \/>\n<meta name=\"robots\" content=\"index, follow, max-snippet:-1, max-image-preview:large, max-video-preview:-1\" \/>\n<link rel=\"canonical\" href=\"https:\/\/www.dciingenieros.com.co\/public\/\" \/>\n<meta property=\"og:locale\" content=\"es_ES\" \/>\n<meta property=\"og:type\" content=\"article\" \/>\n<meta property=\"og:title\" content=\"DCI Ingenieros SAS - Ingenier\u00eda El\u00e9ctrica\" \/>\n<meta property=\"og:description\" content=\"Con m\u00e1s de 20 a\u00f1os de experiencia en ingenier\u00eda el\u00e9ctrica, somos l\u00edderes en ofrecer soluciones integrales para proyectos industriales, instalaciones de redes el\u00e9ctricas, granjas solares, redes de 34.5 kV, alumbrado, obras civiles e interventor\u00eda. Nuestra extensa experiencia garantiza resultados excepcionales, respaldados por un equipo de profesionales altamente cualificados. Descubre c\u00f3mo podemos llevar a cabo tus proyectos con precisi\u00f3n y eficiencia para impulsar el \u00e9xito de tu iniciativa - DCI Ingenieros SAS\" \/>\n<meta property=\"og:url\" content=\"https:\/\/www.dciingenieros.com.co\/public\/\" \/>\n<meta property=\"og:site_name\" content=\"DCI Ingenieros SAS\" \/>\n<meta property=\"article:modified_time\" content=\"2025-11-08T00:42:46+00:00\" \/>\n<meta property=\"og:image\" content=\"https:\/\/www.dciingenieros.com.co\/public\/wp-content\/uploads\/2023\/05\/logoretina.png\" \/>\n\t<meta property=\"og:image:width\" content=\"219\" \/>\n\t<meta property=\"og:image:height\" content=\"92\" \/>\n\t<meta property=\"og:image:type\" content=\"image\/png\" \/>\n<meta name=\"twitter:card\" content=\"summary_large_image\" \/>\n<meta name=\"twitter:title\" content=\"DCI Ingenieros SAS - Ingenier\u00eda El\u00e9ctrica\" \/>\n<meta name=\"twitter:image\" content=\"https:\/\/www.dciingenieros.com.co\/public\/wp-content\/uploads\/2023\/05\/logoretina.png\" \/>\n<meta name=\"twitter:label1\" content=\"Tiempo de lectura\" \/>\n\t<meta name=\"twitter:data1\" content=\"2 minutos\" \/>\n<script type=\"application\/ld+json\" class=\"yoast-schema-graph\">{\"@context\":\"https:\/\/schema.org\",\"@graph\":[{\"@type\":\"WebPage\",\"@id\":\"https:\/\/www.dciingenieros.com.co\/public\/\",\"url\":\"https:\/\/www.dciingenieros.com.co\/public\/\",\"name\":\"DCI Ingenieros SAS - Ingenier\u00eda El\u00e9ctrica\",\"isPartOf\":{\"@id\":\"https:\/\/www.dciingenieros.com.co\/public\/#website\"},\"datePublished\":\"2019-08-03T23:38:58+00:00\",\"dateModified\":\"2025-11-08T00:42:46+00:00\",\"description\":\"Con m\u00e1s de 20 a\u00f1os de experiencia en ingenier\u00eda el\u00e9ctrica, somos l\u00edderes en ofrecer soluciones integrales para proyectos industriales, instalaciones de redes el\u00e9ctricas, granjas solares, redes de 34.5 kV, alumbrado, obras civiles e interventor\u00eda. Nuestra extensa experiencia garantiza resultados excepcionales, respaldados por un equipo de profesionales altamente cualificados. Descubre c\u00f3mo podemos llevar a cabo tus proyectos con precisi\u00f3n y eficiencia para impulsar el \u00e9xito de tu iniciativa - DCI Ingenieros SAS\",\"breadcrumb\":{\"@id\":\"https:\/\/www.dciingenieros.com.co\/public\/#breadcrumb\"},\"inLanguage\":\"es\",\"potentialAction\":[{\"@type\":\"ReadAction\",\"target\":[\"https:\/\/www.dciingenieros.com.co\/public\/\"]}]},{\"@type\":\"BreadcrumbList\",\"@id\":\"https:\/\/www.dciingenieros.com.co\/public\/#breadcrumb\",\"itemListElement\":[{\"@type\":\"ListItem\",\"position\":1,\"name\":\"Portada\",\"item\":\"https:\/\/www.dciingenieros.com.co\/public\/\"},{\"@type\":\"ListItem\",\"position\":2,\"name\":\"Inicio\"}]},{\"@type\":\"WebSite\",\"@id\":\"https:\/\/www.dciingenieros.com.co\/public\/#website\",\"url\":\"https:\/\/www.dciingenieros.com.co\/public\/\",\"name\":\"DCI Ingenieros SAS\",\"description\":\"P&aacute;gina principal\",\"potentialAction\":[{\"@type\":\"SearchAction\",\"target\":{\"@type\":\"EntryPoint\",\"urlTemplate\":\"https:\/\/www.dciingenieros.com.co\/public\/?s={search_term_string}\"},\"query-input\":\"required name=search_term_string\"}],\"inLanguage\":\"es\"}]}<\/script>\n<!-- \/ Yoast SEO plugin. -->","yoast_head_json":{"title":"DCI Ingenieros SAS - Ingenier\u00eda El\u00e9ctrica","description":"Con m\u00e1s de 20 a\u00f1os de experiencia en ingenier\u00eda el\u00e9ctrica, somos l\u00edderes en ofrecer soluciones integrales para proyectos industriales, instalaciones de redes el\u00e9ctricas, granjas solares, redes de 34.5 kV, alumbrado, obras civiles e interventor\u00eda. Nuestra extensa experiencia garantiza resultados excepcionales, respaldados por un equipo de profesionales altamente cualificados. Descubre c\u00f3mo podemos llevar a cabo tus proyectos con precisi\u00f3n y eficiencia para impulsar el \u00e9xito de tu iniciativa - DCI Ingenieros SAS","robots":{"index":"index","follow":"follow","max-snippet":"max-snippet:-1","max-image-preview":"max-image-preview:large","max-video-preview":"max-video-preview:-1"},"canonical":"https:\/\/www.dciingenieros.com.co\/public\/","og_locale":"es_ES","og_type":"article","og_title":"DCI Ingenieros SAS - Ingenier\u00eda El\u00e9ctrica","og_description":"Con m\u00e1s de 20 a\u00f1os de experiencia en ingenier\u00eda el\u00e9ctrica, somos l\u00edderes en ofrecer soluciones integrales para proyectos industriales, instalaciones de redes el\u00e9ctricas, granjas solares, redes de 34.5 kV, alumbrado, obras civiles e interventor\u00eda. Nuestra extensa experiencia garantiza resultados excepcionales, respaldados por un equipo de profesionales altamente cualificados. Descubre c\u00f3mo podemos llevar a cabo tus proyectos con precisi\u00f3n y eficiencia para impulsar el \u00e9xito de tu iniciativa - DCI Ingenieros SAS","og_url":"https:\/\/www.dciingenieros.com.co\/public\/","og_site_name":"DCI Ingenieros SAS","article_modified_time":"2025-11-08T00:42:46+00:00","og_image":[{"width":219,"height":92,"url":"https:\/\/www.dciingenieros.com.co\/public\/wp-content\/uploads\/2023\/05\/logoretina.png","type":"image\/png"}],"twitter_card":"summary_large_image","twitter_title":"DCI Ingenieros SAS - Ingenier\u00eda El\u00e9ctrica","twitter_image":"https:\/\/www.dciingenieros.com.co\/public\/wp-content\/uploads\/2023\/05\/logoretina.png","twitter_misc":{"Tiempo de lectura":"2 minutos"},"schema":{"@context":"https:\/\/schema.org","@graph":[{"@type":"WebPage","@id":"https:\/\/www.dciingenieros.com.co\/public\/","url":"https:\/\/www.dciingenieros.com.co\/public\/","name":"DCI Ingenieros SAS - Ingenier\u00eda El\u00e9ctrica","isPartOf":{"@id":"https:\/\/www.dciingenieros.com.co\/public\/#website"},"datePublished":"2019-08-03T23:38:58+00:00","dateModified":"2025-11-08T00:42:46+00:00","description":"Con m\u00e1s de 20 a\u00f1os de experiencia en ingenier\u00eda el\u00e9ctrica, somos l\u00edderes en ofrecer soluciones integrales para proyectos industriales, instalaciones de redes el\u00e9ctricas, granjas solares, redes de 34.5 kV, alumbrado, obras civiles e interventor\u00eda. Nuestra extensa experiencia garantiza resultados excepcionales, respaldados por un equipo de profesionales altamente cualificados. Descubre c\u00f3mo podemos llevar a cabo tus proyectos con precisi\u00f3n y eficiencia para impulsar el \u00e9xito de tu iniciativa - DCI Ingenieros SAS","breadcrumb":{"@id":"https:\/\/www.dciingenieros.com.co\/public\/#breadcrumb"},"inLanguage":"es","potentialAction":[{"@type":"ReadAction","target":["https:\/\/www.dciingenieros.com.co\/public\/"]}]},{"@type":"BreadcrumbList","@id":"https:\/\/www.dciingenieros.com.co\/public\/#breadcrumb","itemListElement":[{"@type":"ListItem","position":1,"name":"Portada","item":"https:\/\/www.dciingenieros.com.co\/public\/"},{"@type":"ListItem","position":2,"name":"Inicio"}]},{"@type":"WebSite","@id":"https:\/\/www.dciingenieros.com.co\/public\/#website","url":"https:\/\/www.dciingenieros.com.co\/public\/","name":"DCI Ingenieros SAS","description":"P&aacute;gina principal","potentialAction":[{"@type":"SearchAction","target":{"@type":"EntryPoint","urlTemplate":"https:\/\/www.dciingenieros.com.co\/public\/?s={search_term_string}"},"query-input":"required name=search_term_string"}],"inLanguage":"es"}]}},"_links":{"self":[{"href":"https:\/\/www.dciingenieros.com.co\/public\/wp-json\/wp\/v2\/pages\/14"}],"collection":[{"href":"https:\/\/www.dciingenieros.com.co\/public\/wp-json\/wp\/v2\/pages"}],"about":[{"href":"https:\/\/www.dciingenieros.com.co\/public\/wp-json\/wp\/v2\/types\/page"}],"author":[{"embeddable":true,"href":"https:\/\/www.dciingenieros.com.co\/public\/wp-json\/wp\/v2\/users\/1"}],"replies":[{"embeddable":true,"href":"https:\/\/www.dciingenieros.com.co\/public\/wp-json\/wp\/v2\/comments?post=14"}],"version-history":[{"count":14,"href":"https:\/\/www.dciingenieros.com.co\/public\/wp-json\/wp\/v2\/pages\/14\/revisions"}],"predecessor-version":[{"id":577,"href":"https:\/\/www.dciingenieros.com.co\/public\/wp-json\/wp\/v2\/pages\/14\/revisions\/577"}],"wp:attachment":[{"href":"https:\/\/www.dciingenieros.com.co\/public\/wp-json\/wp\/v2\/media?parent=14"}],"curies":[{"name":"wp","href":"https:\/\/api.w.org\/{rel}","templated":true}]}}