{"id":154,"date":"2019-08-03T23:40:16","date_gmt":"2019-08-03T23:40:16","guid":{"rendered":"https:\/\/www.dciingenieros.com.co\/public\/?page_id=154"},"modified":"2023-04-26T01:30:11","modified_gmt":"2023-04-26T01:30:11","slug":"blog","status":"publish","type":"page","link":"https:\/\/www.dciingenieros.com.co\/public\/blog\/","title":{"rendered":"Blog"},"content":{"rendered":"<p>[vc_row][vc_column]\n    <!-- Blog Start -->\n    <div class=\"roof-news  roof-news-6a007dd0b71fb \">\n\n            <div class=\"col-md-4 col-sm-6\">\n        <div class=\"news-item\">\n                  <div class=\"news-info\">\n            <h6 class=\"news-meta\"><i class=\"fa fa-clock-o\" aria-hidden=\"true\"><\/i>enero 23, 2024<\/h6>\n            <h5 class=\"news-title\"><a href=\"https:\/\/www.dciingenieros.com.co\/public\/2024\/01\/23\/dci-ingenieros-pioneros-seguridad-salud-laboral-entorno-empresarial-productivo-responsabilidad\/\">DCI Ingenieros S.A.S.: Liderazgo en Seguridad y Salud Laboral para un Entorno Productivo.<\/a><\/h5>\n                        <div class=\"read-more\"><a href=\"https:\/\/www.dciingenieros.com.co\/public\/2024\/01\/23\/dci-ingenieros-pioneros-seguridad-salud-laboral-entorno-empresarial-productivo-responsabilidad\/\" class=\"roof-btn roof-btn-small roof-btn-gray\">Read More<\/a><\/div>\n          <\/div>\n        <\/div>\n      <\/div>\n\n            <div class=\"col-md-4 col-sm-6\">\n        <div class=\"news-item\">\n                  <div class=\"news-info\">\n            <h6 class=\"news-meta\"><i class=\"fa fa-clock-o\" aria-hidden=\"true\"><\/i>enero 13, 2024<\/h6>\n            <h5 class=\"news-title\"><a href=\"https:\/\/www.dciingenieros.com.co\/public\/2024\/01\/13\/borrador-automatico-optimiza-energeticos-dci-ingenieros-electrica-colombia\/\">Sistema Tarifario Residencial de Energ\u00eda El\u00e9ctrica en Colombia<\/a><\/h5>\n                        <div class=\"read-more\"><a href=\"https:\/\/www.dciingenieros.com.co\/public\/2024\/01\/13\/borrador-automatico-optimiza-energeticos-dci-ingenieros-electrica-colombia\/\" class=\"roof-btn roof-btn-small roof-btn-gray\">Read More<\/a><\/div>\n          <\/div>\n        <\/div>\n      <\/div>\n\n            <div class=\"col-md-4 col-sm-6\">\n        <div class=\"news-item\">\n                  <div class=\"news-info\">\n            <h6 class=\"news-meta\"><i class=\"fa fa-clock-o\" aria-hidden=\"true\"><\/i>diciembre 31, 2023<\/h6>\n            <h5 class=\"news-title\"><a href=\"https:\/\/www.dciingenieros.com.co\/public\/2023\/12\/31\/dci-ingenieros-s-a-s-ingenieria-electrica-energia-kilovatio-colombia\/\">DCI Ingenieros S.A.S. &#8211; L\u00edderes en Soluciones de Ingenier\u00eda El\u00e9ctrica en Colombia<\/a><\/h5>\n                        <div class=\"read-more\"><a href=\"https:\/\/www.dciingenieros.com.co\/public\/2023\/12\/31\/dci-ingenieros-s-a-s-ingenieria-electrica-energia-kilovatio-colombia\/\" class=\"roof-btn roof-btn-small roof-btn-gray\">Read More<\/a><\/div>\n          <\/div>\n        <\/div>\n      <\/div>\n\n            <div class=\"col-md-4 col-sm-6\">\n        <div class=\"news-item\">\n                  <div class=\"news-info\">\n            <h6 class=\"news-meta\"><i class=\"fa fa-clock-o\" aria-hidden=\"true\"><\/i>diciembre 28, 2023<\/h6>\n            <h5 class=\"news-title\"><a href=\"https:\/\/www.dciingenieros.com.co\/public\/2023\/12\/28\/dci-ingenieros-s-a-s-empresa-lider-en-energia-electrica-y-obras-civiles-2-proyectos\/\">Talento Humano Especializado para el Imparable Crecimiento de la Ingenier\u00eda El\u00e9ctrica en Colombia: Garantizando \u00c9xito en Proyectos Innovadores<\/a><\/h5>\n                        <div class=\"read-more\"><a href=\"https:\/\/www.dciingenieros.com.co\/public\/2023\/12\/28\/dci-ingenieros-s-a-s-empresa-lider-en-energia-electrica-y-obras-civiles-2-proyectos\/\" class=\"roof-btn roof-btn-small roof-btn-gray\">Read More<\/a><\/div>\n          <\/div>\n        <\/div>\n      <\/div>\n\n            <div class=\"col-md-4 col-sm-6\">\n        <div class=\"news-item\">\n                  <div class=\"news-info\">\n            <h6 class=\"news-meta\"><i class=\"fa fa-clock-o\" aria-hidden=\"true\"><\/i>diciembre 11, 2023<\/h6>\n            <h5 class=\"news-title\"><a href=\"https:\/\/www.dciingenieros.com.co\/public\/2023\/12\/11\/dci-ingenieros-s-a-s-empresa-lider-en-energia-electrica-y-obras-civiles\/\">DCI Ingenieros S.A.S. Empresa l\u00edder en energ\u00eda el\u00e9ctrica y obras civiles.<\/a><\/h5>\n                        <div class=\"read-more\"><a href=\"https:\/\/www.dciingenieros.com.co\/public\/2023\/12\/11\/dci-ingenieros-s-a-s-empresa-lider-en-energia-electrica-y-obras-civiles\/\" class=\"roof-btn roof-btn-small roof-btn-gray\">Read More<\/a><\/div>\n          <\/div>\n        <\/div>\n      <\/div>\n\n      \n    <\/div>\n    <!-- Blog End -->\n\n    [\/vc_column][\/vc_row]<\/p>\n","protected":false},"excerpt":{"rendered":"[vc_row][vc_column][\/vc_column][\/vc_row]","protected":false},"author":1,"featured_media":0,"parent":0,"menu_order":0,"comment_status":"closed","ping_status":"closed","template":"","meta":{"footnotes":""},"yoast_head":"<!-- This site is optimized with the Yoast SEO plugin v21.6 - https:\/\/yoast.com\/wordpress\/plugins\/seo\/ -->\n<title>Blog - DCI Ingenieros SAS<\/title>\n<meta name=\"robots\" content=\"index, follow, max-snippet:-1, max-image-preview:large, max-video-preview:-1\" \/>\n<link rel=\"canonical\" href=\"https:\/\/www.dciingenieros.com.co\/public\/blog\/\" \/>\n<meta property=\"og:locale\" content=\"es_ES\" \/>\n<meta property=\"og:type\" content=\"article\" \/>\n<meta property=\"og:title\" content=\"Blog - DCI Ingenieros SAS\" \/>\n<meta property=\"og:description\" content=\"[vc_row][vc_column][\/vc_column][\/vc_row]\" \/>\n<meta property=\"og:url\" content=\"https:\/\/www.dciingenieros.com.co\/public\/blog\/\" \/>\n<meta property=\"og:site_name\" content=\"DCI Ingenieros SAS\" \/>\n<meta property=\"article:modified_time\" content=\"2023-04-26T01:30:11+00:00\" \/>\n<meta name=\"twitter:card\" content=\"summary_large_image\" \/>\n<script type=\"application\/ld+json\" class=\"yoast-schema-graph\">{\"@context\":\"https:\/\/schema.org\",\"@graph\":[{\"@type\":\"WebPage\",\"@id\":\"https:\/\/www.dciingenieros.com.co\/public\/blog\/\",\"url\":\"https:\/\/www.dciingenieros.com.co\/public\/blog\/\",\"name\":\"Blog - DCI Ingenieros SAS\",\"isPartOf\":{\"@id\":\"https:\/\/www.dciingenieros.com.co\/public\/#website\"},\"datePublished\":\"2019-08-03T23:40:16+00:00\",\"dateModified\":\"2023-04-26T01:30:11+00:00\",\"breadcrumb\":{\"@id\":\"https:\/\/www.dciingenieros.com.co\/public\/blog\/#breadcrumb\"},\"inLanguage\":\"es\",\"potentialAction\":[{\"@type\":\"ReadAction\",\"target\":[\"https:\/\/www.dciingenieros.com.co\/public\/blog\/\"]}]},{\"@type\":\"BreadcrumbList\",\"@id\":\"https:\/\/www.dciingenieros.com.co\/public\/blog\/#breadcrumb\",\"itemListElement\":[{\"@type\":\"ListItem\",\"position\":1,\"name\":\"Portada\",\"item\":\"https:\/\/www.dciingenieros.com.co\/public\/\"},{\"@type\":\"ListItem\",\"position\":2,\"name\":\"Blog\"}]},{\"@type\":\"WebSite\",\"@id\":\"https:\/\/www.dciingenieros.com.co\/public\/#website\",\"url\":\"https:\/\/www.dciingenieros.com.co\/public\/\",\"name\":\"DCI Ingenieros SAS\",\"description\":\"P&aacute;gina principal\",\"potentialAction\":[{\"@type\":\"SearchAction\",\"target\":{\"@type\":\"EntryPoint\",\"urlTemplate\":\"https:\/\/www.dciingenieros.com.co\/public\/?s={search_term_string}\"},\"query-input\":\"required name=search_term_string\"}],\"inLanguage\":\"es\"}]}<\/script>\n<!-- \/ Yoast SEO plugin. -->","yoast_head_json":{"title":"Blog - DCI Ingenieros SAS","robots":{"index":"index","follow":"follow","max-snippet":"max-snippet:-1","max-image-preview":"max-image-preview:large","max-video-preview":"max-video-preview:-1"},"canonical":"https:\/\/www.dciingenieros.com.co\/public\/blog\/","og_locale":"es_ES","og_type":"article","og_title":"Blog - DCI Ingenieros SAS","og_description":"[vc_row][vc_column][\/vc_column][\/vc_row]","og_url":"https:\/\/www.dciingenieros.com.co\/public\/blog\/","og_site_name":"DCI Ingenieros SAS","article_modified_time":"2023-04-26T01:30:11+00:00","twitter_card":"summary_large_image","schema":{"@context":"https:\/\/schema.org","@graph":[{"@type":"WebPage","@id":"https:\/\/www.dciingenieros.com.co\/public\/blog\/","url":"https:\/\/www.dciingenieros.com.co\/public\/blog\/","name":"Blog - DCI Ingenieros SAS","isPartOf":{"@id":"https:\/\/www.dciingenieros.com.co\/public\/#website"},"datePublished":"2019-08-03T23:40:16+00:00","dateModified":"2023-04-26T01:30:11+00:00","breadcrumb":{"@id":"https:\/\/www.dciingenieros.com.co\/public\/blog\/#breadcrumb"},"inLanguage":"es","potentialAction":[{"@type":"ReadAction","target":["https:\/\/www.dciingenieros.com.co\/public\/blog\/"]}]},{"@type":"BreadcrumbList","@id":"https:\/\/www.dciingenieros.com.co\/public\/blog\/#breadcrumb","itemListElement":[{"@type":"ListItem","position":1,"name":"Portada","item":"https:\/\/www.dciingenieros.com.co\/public\/"},{"@type":"ListItem","position":2,"name":"Blog"}]},{"@type":"WebSite","@id":"https:\/\/www.dciingenieros.com.co\/public\/#website","url":"https:\/\/www.dciingenieros.com.co\/public\/","name":"DCI Ingenieros SAS","description":"P&aacute;gina principal","potentialAction":[{"@type":"SearchAction","target":{"@type":"EntryPoint","urlTemplate":"https:\/\/www.dciingenieros.com.co\/public\/?s={search_term_string}"},"query-input":"required name=search_term_string"}],"inLanguage":"es"}]}},"_links":{"self":[{"href":"https:\/\/www.dciingenieros.com.co\/public\/wp-json\/wp\/v2\/pages\/154"}],"collection":[{"href":"https:\/\/www.dciingenieros.com.co\/public\/wp-json\/wp\/v2\/pages"}],"about":[{"href":"https:\/\/www.dciingenieros.com.co\/public\/wp-json\/wp\/v2\/types\/page"}],"author":[{"embeddable":true,"href":"https:\/\/www.dciingenieros.com.co\/public\/wp-json\/wp\/v2\/users\/1"}],"replies":[{"embeddable":true,"href":"https:\/\/www.dciingenieros.com.co\/public\/wp-json\/wp\/v2\/comments?post=154"}],"version-history":[{"count":1,"href":"https:\/\/www.dciingenieros.com.co\/public\/wp-json\/wp\/v2\/pages\/154\/revisions"}],"predecessor-version":[{"id":583,"href":"https:\/\/www.dciingenieros.com.co\/public\/wp-json\/wp\/v2\/pages\/154\/revisions\/583"}],"wp:attachment":[{"href":"https:\/\/www.dciingenieros.com.co\/public\/wp-json\/wp\/v2\/media?parent=154"}],"curies":[{"name":"wp","href":"https:\/\/api.w.org\/{rel}","templated":true}]}}