{"id":88,"date":"2019-08-03T23:39:23","date_gmt":"2019-08-03T23:39:23","guid":{"rendered":"https:\/\/www.dciingenieros.com.co\/public\/?page_id=88"},"modified":"2025-11-07T21:06:46","modified_gmt":"2025-11-07T21:06:46","slug":"quienes-somos","status":"publish","type":"page","link":"https:\/\/www.dciingenieros.com.co\/public\/quienes-somos\/","title":{"rendered":"Quienes Somos"},"content":{"rendered":"<p>[vc_row full_height=\u00bbyes\u00bb disable_element=\u00bbyes\u00bb overlay_dotted=\u00bbtrue\u00bb][vc_column][vc_row_inner][vc_column_inner][vc_single_image image=\u00bb613&#8243; img_size=\u00bbmedium\u00bb alignment=\u00bbcenter\u00bb style=\u00bbvc_box_shadow_3d\u00bb css_animation=\u00bbzoomIn\u00bb][vc_column_text]<\/p>\n<div>\n<div style=\"text-align: center;\"><span style=\"font-size: 18px;\"><strong>DCI INGENIEROS SAS<\/strong> es una firma de ingenier\u00eda con tres d\u00e9cadas de experiencia, dedicada al desarrollo de proyectos en las ramas el\u00e9ctrica y civil, en dise\u00f1o, construcci\u00f3n e interventor\u00eda.<\/span><\/div>\n<\/div>\n<p>[\/vc_column_text][\/vc_column_inner][\/vc_row_inner][\/vc_column][\/vc_row][vc_row full_height=\u00bbyes\u00bb overlay_dotted=\u00bbtrue\u00bb][vc_column width=\u00bb1\/2&#8243; el_class=\u00bb.resena\u00bb css=\u00bb.vc_custom_1683145675377{background-color: #142b3d !important;}\u00bb][vc_column_text css_animation=\u00bbfadeInLeft\u00bb]<\/p>\n<h2><strong>RESE\u00d1A HIST\u00d3RICA<\/strong><\/h2>\n<p><span style=\"font-size: 14px;\"><strong>DCI INGENIEROS S.A.S<\/strong> es una firma privada, constituida el 17 de noviembre de 1995 por Escritura P\u00fablica No 4137 de la Notar\u00eda Segunda e inscrita en la C\u00e1mara de Comercio de Ibagu\u00e9 el 13 de diciembre de 1995 bajo el No 20.257. Nuestra raz\u00f3n social se modific\u00f3 el 14 de agosto de 2017 de SERVICIOS Y SUMINISTROS SAS a DCI Ingenieros SAS.<\/span>[\/vc_column_text][vc_column_text css_animation=\u00bbfadeInLeft\u00bb]<span style=\"font-size: 14px;\">Durante los a\u00f1os de operaci\u00f3n transcurridos, DCI INGENIEROS SAS ha logrado posicionarse en el mercado de la Ingenier\u00eda en el pa\u00eds, como una firma de alto nivel en la prestaci\u00f3n de Servicios de Ingenier\u00eda y Construcci\u00f3n de obras.<\/span>[\/vc_column_text][\/vc_column][vc_column width=\u00bb1\/2&#8243; css=\u00bb.vc_custom_1762543622305{background-image: url(https:\/\/www.dciingenieros.com.co\/public\/wp-content\/uploads\/2025\/11\/WhatsApp-Image-2025-10-07-at-14.33.18.jpeg?id=746) !important;background-position: center !important;background-repeat: no-repeat !important;background-size: cover !important;}\u00bb offset=\u00bbvc_hidden-sm vc_hidden-xs\u00bb][\/vc_column][\/vc_row][vc_row gap=\u00bb20&#8243; overlay_dotted=\u00bbtrue\u00bb css=\u00bb.vc_custom_1566138411572{background-color: #ffffff !important;}\u00bb][vc_column width=\u00bb1\/2&#8243;][vc_icon icon_fontawesome=\u00bbfa fa-bullseye\u00bb color=\u00bbwhite\u00bb background_style=\u00bbrounded\u00bb background_color=\u00bbgreen\u00bb size=\u00bblg\u00bb css_animation=\u00bbfadeInUpBig\u00bb css=\u00bb.vc_custom_1566140002882{margin-bottom: 0px !important;}\u00bb][vc_column_text]<\/p>\n<h2 style=\"text-align: center;\">MISI\u00d3N<\/h2>\n<p style=\"text-align: center;\">Poner a disposici\u00f3n de nuestros clientes recursos profesionales especializados en el \u00e1rea de ingenier\u00eda el\u00e9ctrica, contribuyendo al \u00e9xito de los proyectos mediante soluciones espec\u00edficas, eficientes y de calidad, generando valor para nuestros clientes, oportunidades a nuestros colaboradores y sustentabilidad para nuestro entorno.<\/p>\n<p>[\/vc_column_text][\/vc_column][vc_column width=\u00bb1\/2&#8243;][vc_icon icon_fontawesome=\u00bbfa fa-eye\u00bb color=\u00bbwhite\u00bb background_style=\u00bbrounded\u00bb background_color=\u00bbgreen\u00bb size=\u00bblg\u00bb css_animation=\u00bbfadeInUpBig\u00bb css=\u00bb.vc_custom_1566140009086{margin-bottom: 0px !important;}\u00bb][vc_column_text]<\/p>\n<h2 style=\"text-align: center;\">VISI\u00d3N<\/h2>\n<p style=\"text-align: center;\">En 2030 contaremos con pleno reconocimiento del mercado nacional, consolid\u00e1ndonos e innovando en aspectos t\u00e9cnicos, financieros y comerciales, basados en una estructura empresarial competitiva, siendo un excelente lugar para trabajar, mejorando la vida de muchas personas y siendo siempre relevantes para nuestros clientes.<\/p>\n<p>[\/vc_column_text][\/vc_column][\/vc_row][vc_row content_placement=\u00bbmiddle\u00bb css_animation=\u00bbslideInDown\u00bb overlay_dotted=\u00bbtrue\u00bb css=\u00bb.vc_custom_1566140745546{background-color: #ffffff !important;}\u00bb][vc_column width=\u00bb2\/3&#8243;]<div class=\"roof-description-box  description-6a007dcfc2837 \"><div class=\"description-box-element\"><h4>Politica de Gesti\u00f3n Integrada<\/h4><div style=\"text-align: justify;\">\n  Los procesos que DCI Ingenieros S.A.S desarrolle para el cumplimiento de su objeto social en la construcci\u00f3n y mantenimiento de l\u00edneas de transmisi\u00f3n y distribuci\u00f3n y dem\u00e1s servicios en ingenier\u00eda el\u00e9ctrica, se realizar\u00e1n dando cumplimiento a los requisitos legales y reglamentarios aplicables a la organizaci\u00f3n y al Sistema de Gesti\u00f3n Integrado establecido, buscando la mejora continua de la Calidad, garantizando el compromiso por la protecci\u00f3n del medio ambiente, la prevenci\u00f3n de la contaminaci\u00f3n, la reducci\u00f3n y control de los impactos ambientales y promoviendo condiciones seguras en todos los frentes de trabajo, teniendo en cuenta las oportunidades y abordando los riesgos legales, operacionales, de seguridad y ambientales, adoptando as\u00ed mismo las Pol\u00edticas de Talento Humano, las cuales reflejan el compromiso por garantizar un entorno laboral saludable, sostenible y satisfactorio, fundamentada en la corresponsabilidad y en la no discriminaci\u00f3n, para lo cual se cuenta con el apoyo total de la direcci\u00f3n. \n  <br><br>\n  Tambi\u00e9n es parte de la Pol\u00edtica de gesti\u00f3n integrada tener en cuenta los aspectos relacionados con las Partes interesadas que intervienen en los diferentes procesos. \n  <br><br>\n  Para el cumplimiento de su pol\u00edtica DCI INGENIEROS SAS establece los siguientes objetivos.\n<\/div>Tambi\u00e9n es parte de la Pol\u00edtica de gesti\u00f3n integrada tener en cuenta los aspectos relacionados con las Partes interesadas que intervienen en los diferentes procesos.\nPara el cumplimiento de su pol\u00edtica DCI INGENIEROS SAS establece los siguientes objetivos.<\/p><\/div><div class=\"description-box-element\"><h4>OBJETIVOS<\/h4><div style=\"text-align: justify;\">\n  <ul>\n    <li>Satisfacer al cliente mediante el cumplimiento de requisitos.<\/li>\n    <li>Planificar los proyectos de modo que se cumplan con tiempos y actividades planificadas.<\/li>\n    <li>Fortalecer el mejoramiento continuo mediante la identificaci\u00f3n de oportunidades de mejora y correcci\u00f3n de los hallazgos que afectan los procesos.<\/li>\n    <li>Garantizar el bienestar del recurso humano mediante el fortalecimiento de competencias y formaci\u00f3n del personal.<\/li>\n    <li>Promover y fortalecer la participaci\u00f3n y compromiso de todos los colaboradores, en la conservaci\u00f3n de condiciones ambientales adecuadas, la reducci\u00f3n de impactos y la sensibilizaci\u00f3n mediante campa\u00f1as ambientales.<\/li>\n    <li>Garantizar respuestas oportunas frente a los requerimientos de futuros clientes durante los procesos de gesti\u00f3n comercial y presentaci\u00f3n de ofertas.<\/li>\n    <li>Disminuir el nivel de riesgo operacional mediante el control continuo a nuestros proveedores y partes interesadas que intervienen en la prestaci\u00f3n de un servicio con calidad.<\/li>\n    <li>Promover un entorno laboral saludable, sostenible y satisfactorio para toda la poblaci\u00f3n trabajadora.<\/li>\n    <li>Identificar los peligros, evaluar, valorar los riesgos y establecer los respectivos controles.<\/li>\n    <li>Cumplir con la normatividad nacional vigente aplicable al Sistema de Gesti\u00f3n Integrado y otros que correspondan.<\/li>\n    <li>La presente pol\u00edtica ser\u00e1 revisada de manera peri\u00f3dica, aprobada por la alta Direcci\u00f3n y socializada a todos los niveles de la organizaci\u00f3n.<\/li>\n  <\/ul>\n<\/div><\/div><div class=\"description-box-element\"><h4>Certificaci\u00f3n<\/h4><div style=\"text-align: justify;\">\n  <ul>\n    <li>Contamos con certificaci\u00f3n ISO 9001:2015<\/li>\n    <li>ISO 14001:2015<\/li>\n    <li>ISO 45001:2018<\/li>\n  <\/ul>\n<\/div><\/div><\/div>[\/vc_column][vc_column width=\u00bb1\/3&#8243; text_alignment=\u00bbtext-center\u00bb][vc_single_image image=\u00bb657&#8243; img_size=\u00bbfull\u00bb css_animation=\u00bbappear\u00bb]<div class=\"roof-description-box  description-6a007dcfc2870 \"><div class=\"description-box-element\"><p><!-- certificaciones ISO \u2014 lista simple -->\n<div style=\"text-align: justify; max-width:800px; margin:0 auto;\">\n  <h3>Descarga nuestras certificaciones ISO<\/h3>\n  <ul>\n    <li>\n      <strong>ISO 9001:2015<\/strong> \u2014 \n      <a href=\"https:\/\/www.dciingenieros.com.co\/public\/wp-content\/uploads\/2025\/09\/ISO-9001-2015.pdf\" download target=\"_blank\" rel=\"noopener\">Descargar PDF<\/a>\n    <\/li>\n    <li>\n      <strong>ISO 45001:2018<\/strong> \u2014 \n      <a href=\"https:\/\/www.dciingenieros.com.co\/public\/wp-content\/uploads\/2025\/09\/ISO-45001-2018.pdf\" download target=\"_blank\" rel=\"noopener\">Descargar PDF<\/a>\n    <\/li>\n    <li>\n      <strong>ISO 14001:2015<\/strong> \u2014 \n      <a href=\"https:\/\/www.dciingenieros.com.co\/public\/wp-content\/uploads\/2025\/09\/ISO-14001-2015.pdf\" download target=\"_blank\" rel=\"noopener\">Descargar PDF<\/a>\n    <\/li>\n    <li>\n      <strong>Pol\u00edtica Control la CC<\/strong> \u2014 \n      <a href=\"https:\/\/www.dciingenieros.com.co\/public\/wp-content\/uploads\/2025\/11\/POLITICA-CONTROL-LA-CC.pdf\" download target=\"_blank\" rel=\"noopener\">Descargar PDF<\/a>\n    <\/li>\n  <\/ul>\n<\/div><\/div><\/div>[\/vc_column][\/vc_row][vc_row][vc_column][\/vc_column][\/vc_row][vc_row][vc_column][vc_cta h2=\u00bbTrabaja con nosotros\u00bb txt_align=\u00bbcenter\u00bb color=\u00bbvista-blue\u00bb add_button=\u00bbbottom\u00bb btn_title=\u00bbEscr\u00edbenos\u00bb btn_color=\u00bbvista-blue\u00bb btn_align=\u00bbcenter\u00bb btn_i_icon_fontawesome=\u00bbfa fa-envelope-open-o\u00bb css_animation=\u00bbfadeInRight\u00bb btn_add_icon=\u00bbtrue\u00bb btn_link=\u00bburl:https%3A%2F%2Fwww.dciingenieros.com.co%2Fpublic%2Ftrabaja-con-nosotros%2F|title:Trabaja%20con%20nosotros|target:%20_blank|\u00bb css=\u00bb.vc_custom_1683205965360{background-color: #ffffff !important;}\u00bb][\/vc_cta][\/vc_column][\/vc_row]<\/p>\n","protected":false},"excerpt":{"rendered":"[vc_row full_height=\u00bbyes\u00bb disable_element=\u00bbyes\u00bb overlay_dotted=\u00bbtrue\u00bb][vc_column][vc_row_inner][vc_column_inner][vc_single_image image=\u00bb613&#8243; img_size=\u00bbmedium\u00bb alignment=\u00bbcenter\u00bb style=\u00bbvc_box_shadow_3d\u00bb css_animation=\u00bbzoomIn\u00bb][vc_column_text] DCI INGENIEROS SAS es una firma de ingenier\u00eda con tres d\u00e9cadas de experiencia, dedicada al desarrollo de proyectos en las ramas el\u00e9ctrica y civil, en dise\u00f1o, construcci\u00f3n e interventor\u00eda. [\/vc_column_text][\/vc_column_inner][\/vc_row_inner][\/vc_column][\/vc_row][vc_row full_height=\u00bbyes\u00bb overlay_dotted=\u00bbtrue\u00bb][vc_column width=\u00bb1\/2&#8243; el_class=\u00bb.resena\u00bb css=\u00bb.vc_custom_1683145675377{background-color: #142b3d !important;}\u00bb][vc_column_text css_animation=\u00bbfadeInLeft\u00bb] RESE\u00d1A HIST\u00d3RICA DCI INGENIEROS S.A.S es una firma[&#8230;]","protected":false},"author":1,"featured_media":0,"parent":0,"menu_order":0,"comment_status":"closed","ping_status":"closed","template":"","meta":{"footnotes":""},"yoast_head":"<!-- This site is optimized with the Yoast SEO plugin v21.6 - https:\/\/yoast.com\/wordpress\/plugins\/seo\/ -->\n<title>Quienes Somos - DCI Ingenieros SAS<\/title>\n<meta name=\"description\" content=\"Firma de ingenier\u00eda con 21 a\u00f1os de experiencia, dedicada al desarrollo de proyectos en las ramas el\u00e9ctrica y civil, en dise\u00f1o, construcci\u00f3n e interventor\u00eda.\" \/>\n<meta name=\"robots\" content=\"index, follow, max-snippet:-1, max-image-preview:large, max-video-preview:-1\" \/>\n<link rel=\"canonical\" href=\"https:\/\/www.dciingenieros.com.co\/public\/quienes-somos\/\" \/>\n<meta property=\"og:locale\" content=\"es_ES\" \/>\n<meta property=\"og:type\" content=\"article\" \/>\n<meta property=\"og:title\" content=\"Quienes Somos - DCI Ingenieros SAS\" \/>\n<meta property=\"og:description\" content=\"Firma de ingenier\u00eda con 21 a\u00f1os de experiencia, dedicada al desarrollo de proyectos en las ramas el\u00e9ctrica y civil, en dise\u00f1o, construcci\u00f3n e interventor\u00eda.\" \/>\n<meta property=\"og:url\" content=\"https:\/\/www.dciingenieros.com.co\/public\/quienes-somos\/\" \/>\n<meta property=\"og:site_name\" content=\"DCI Ingenieros SAS\" \/>\n<meta property=\"article:modified_time\" content=\"2025-11-07T21:06:46+00:00\" \/>\n<meta name=\"twitter:card\" content=\"summary_large_image\" \/>\n<meta name=\"twitter:label1\" content=\"Tiempo de lectura\" \/>\n\t<meta name=\"twitter:data1\" content=\"2 minutos\" \/>\n<script type=\"application\/ld+json\" class=\"yoast-schema-graph\">{\"@context\":\"https:\/\/schema.org\",\"@graph\":[{\"@type\":\"WebPage\",\"@id\":\"https:\/\/www.dciingenieros.com.co\/public\/quienes-somos\/\",\"url\":\"https:\/\/www.dciingenieros.com.co\/public\/quienes-somos\/\",\"name\":\"Quienes Somos - DCI Ingenieros SAS\",\"isPartOf\":{\"@id\":\"https:\/\/www.dciingenieros.com.co\/public\/#website\"},\"datePublished\":\"2019-08-03T23:39:23+00:00\",\"dateModified\":\"2025-11-07T21:06:46+00:00\",\"description\":\"Firma de ingenier\u00eda con 21 a\u00f1os de experiencia, dedicada al desarrollo de proyectos en las ramas el\u00e9ctrica y civil, en dise\u00f1o, construcci\u00f3n e interventor\u00eda.\",\"breadcrumb\":{\"@id\":\"https:\/\/www.dciingenieros.com.co\/public\/quienes-somos\/#breadcrumb\"},\"inLanguage\":\"es\",\"potentialAction\":[{\"@type\":\"ReadAction\",\"target\":[\"https:\/\/www.dciingenieros.com.co\/public\/quienes-somos\/\"]}]},{\"@type\":\"BreadcrumbList\",\"@id\":\"https:\/\/www.dciingenieros.com.co\/public\/quienes-somos\/#breadcrumb\",\"itemListElement\":[{\"@type\":\"ListItem\",\"position\":1,\"name\":\"Portada\",\"item\":\"https:\/\/www.dciingenieros.com.co\/public\/\"},{\"@type\":\"ListItem\",\"position\":2,\"name\":\"Quienes Somos\"}]},{\"@type\":\"WebSite\",\"@id\":\"https:\/\/www.dciingenieros.com.co\/public\/#website\",\"url\":\"https:\/\/www.dciingenieros.com.co\/public\/\",\"name\":\"DCI Ingenieros SAS\",\"description\":\"P&aacute;gina principal\",\"potentialAction\":[{\"@type\":\"SearchAction\",\"target\":{\"@type\":\"EntryPoint\",\"urlTemplate\":\"https:\/\/www.dciingenieros.com.co\/public\/?s={search_term_string}\"},\"query-input\":\"required name=search_term_string\"}],\"inLanguage\":\"es\"}]}<\/script>\n<!-- \/ Yoast SEO plugin. -->","yoast_head_json":{"title":"Quienes Somos - DCI Ingenieros SAS","description":"Firma de ingenier\u00eda con 21 a\u00f1os de experiencia, dedicada al desarrollo de proyectos en las ramas el\u00e9ctrica y civil, en dise\u00f1o, construcci\u00f3n e interventor\u00eda.","robots":{"index":"index","follow":"follow","max-snippet":"max-snippet:-1","max-image-preview":"max-image-preview:large","max-video-preview":"max-video-preview:-1"},"canonical":"https:\/\/www.dciingenieros.com.co\/public\/quienes-somos\/","og_locale":"es_ES","og_type":"article","og_title":"Quienes Somos - DCI Ingenieros SAS","og_description":"Firma de ingenier\u00eda con 21 a\u00f1os de experiencia, dedicada al desarrollo de proyectos en las ramas el\u00e9ctrica y civil, en dise\u00f1o, construcci\u00f3n e interventor\u00eda.","og_url":"https:\/\/www.dciingenieros.com.co\/public\/quienes-somos\/","og_site_name":"DCI Ingenieros SAS","article_modified_time":"2025-11-07T21:06:46+00:00","twitter_card":"summary_large_image","twitter_misc":{"Tiempo de lectura":"2 minutos"},"schema":{"@context":"https:\/\/schema.org","@graph":[{"@type":"WebPage","@id":"https:\/\/www.dciingenieros.com.co\/public\/quienes-somos\/","url":"https:\/\/www.dciingenieros.com.co\/public\/quienes-somos\/","name":"Quienes Somos - DCI Ingenieros SAS","isPartOf":{"@id":"https:\/\/www.dciingenieros.com.co\/public\/#website"},"datePublished":"2019-08-03T23:39:23+00:00","dateModified":"2025-11-07T21:06:46+00:00","description":"Firma de ingenier\u00eda con 21 a\u00f1os de experiencia, dedicada al desarrollo de proyectos en las ramas el\u00e9ctrica y civil, en dise\u00f1o, construcci\u00f3n e interventor\u00eda.","breadcrumb":{"@id":"https:\/\/www.dciingenieros.com.co\/public\/quienes-somos\/#breadcrumb"},"inLanguage":"es","potentialAction":[{"@type":"ReadAction","target":["https:\/\/www.dciingenieros.com.co\/public\/quienes-somos\/"]}]},{"@type":"BreadcrumbList","@id":"https:\/\/www.dciingenieros.com.co\/public\/quienes-somos\/#breadcrumb","itemListElement":[{"@type":"ListItem","position":1,"name":"Portada","item":"https:\/\/www.dciingenieros.com.co\/public\/"},{"@type":"ListItem","position":2,"name":"Quienes Somos"}]},{"@type":"WebSite","@id":"https:\/\/www.dciingenieros.com.co\/public\/#website","url":"https:\/\/www.dciingenieros.com.co\/public\/","name":"DCI Ingenieros SAS","description":"P&aacute;gina principal","potentialAction":[{"@type":"SearchAction","target":{"@type":"EntryPoint","urlTemplate":"https:\/\/www.dciingenieros.com.co\/public\/?s={search_term_string}"},"query-input":"required name=search_term_string"}],"inLanguage":"es"}]}},"_links":{"self":[{"href":"https:\/\/www.dciingenieros.com.co\/public\/wp-json\/wp\/v2\/pages\/88"}],"collection":[{"href":"https:\/\/www.dciingenieros.com.co\/public\/wp-json\/wp\/v2\/pages"}],"about":[{"href":"https:\/\/www.dciingenieros.com.co\/public\/wp-json\/wp\/v2\/types\/page"}],"author":[{"embeddable":true,"href":"https:\/\/www.dciingenieros.com.co\/public\/wp-json\/wp\/v2\/users\/1"}],"replies":[{"embeddable":true,"href":"https:\/\/www.dciingenieros.com.co\/public\/wp-json\/wp\/v2\/comments?post=88"}],"version-history":[{"count":41,"href":"https:\/\/www.dciingenieros.com.co\/public\/wp-json\/wp\/v2\/pages\/88\/revisions"}],"predecessor-version":[{"id":749,"href":"https:\/\/www.dciingenieros.com.co\/public\/wp-json\/wp\/v2\/pages\/88\/revisions\/749"}],"wp:attachment":[{"href":"https:\/\/www.dciingenieros.com.co\/public\/wp-json\/wp\/v2\/media?parent=88"}],"curies":[{"name":"wp","href":"https:\/\/api.w.org\/{rel}","templated":true}]}}